{"id":711,"date":"2025-10-01T13:08:49","date_gmt":"2025-10-01T11:08:49","guid":{"rendered":"https:\/\/byelyos.com\/?page_id=711"},"modified":"2025-10-01T13:08:49","modified_gmt":"2025-10-01T11:08:49","slug":"aviso-de-privacidad","status":"publish","type":"page","link":"https:\/\/byelyos.com\/?page_id=711","title":{"rendered":"Aviso de privacidad"},"content":{"rendered":"\n<pre class=\"wp-block-preformatted\"><strong>The Mormen Brothers<\/strong>, comercialmente conocido como <strong>Elyos<\/strong>, con domicilio en Cornella de Llobregat, Barcelona, es el responsable del uso y protecci\u00f3n de sus datos personales.<br><br><strong>FINALIDADES PRIMARIAS<\/strong><br>Los datos personales que recabamos de usted, los utilizaremos para las siguientes finalidades que son necesarias para el servicio que solicita:<br><br>\u2022 Respuesta a mensajes del formulario de contacto<br>\u2022 Prestaci\u00f3n de cualquier servicio solicitado<br>\u2022 Env\u00edo de productos adquiridos en esta tienda en l\u00ednea<br><br><strong>DATOS PERSONALES RECABADOS<\/strong><br>Para las finalidades se\u00f1aladas en el presente aviso de privacidad, podemos recabar sus datos de identificaci\u00f3n y contacto.<br><br><strong>DERECHOS ARCO<\/strong><br>Usted tiene derecho a conocer qu\u00e9 datos personales tenemos de usted, para qu\u00e9 los utilizamos y las condiciones del uso que les damos (Acceso). Asimismo, es su derecho solicitar la correcci\u00f3n de su informaci\u00f3n personal en caso de que est\u00e9 desactualizada, sea inexacta o incompleta (Rectificaci\u00f3n); que la eliminemos de nuestros registros o bases de datos cuando considere que la misma no est\u00e1 siendo utilizada adecuadamente (Cancelaci\u00f3n); as\u00ed como oponerse al uso de sus datos personales para fines espec\u00edficos (Oposici\u00f3n). Estos derechos se conocen como derechos ARCO.<br><br>Para el ejercicio de cualquiera de los derechos ARCO, usted deber\u00e1 presentar la solicitud respectiva a trav\u00e9s de Al mismo correo electr\u00f3nico donde se envi\u00f3 la solicitud. La respuesta a su solicitud ser\u00e1 atendida en un plazo m\u00e1ximo de 20 d\u00edas h\u00e1biles.<br><br><strong>DATOS RECABADOS POR EL SITIO WEB<\/strong><br>Nuestro sitio web recaba autom\u00e1ticamente los siguientes datos:<br><br>\u2022 Identificadores, nombre de usuario y contrase\u00f1as de sesi\u00f3n<br><br><strong>CONTACTO<\/strong><br>Para m\u00e1s informaci\u00f3n sobre este aviso de privacidad, puede contactarnos en:<br><br>Correo electr\u00f3nico: byelyos@gmail.com<br>Sitio web: https:\/\/byelyos.com\/<br><br>\u00daltima actualizaci\u00f3n: 1\/10\/2025<\/pre>\n","protected":false},"excerpt":{"rendered":"<p>The Mormen Brothers, comercialmente conocido como Elyos, con domicilio en Cornella de Llobregat, Barcelona, es el responsable del uso y protecci\u00f3n de sus datos personales.FINALIDADES PRIMARIASLos datos personales que recabamos de usted, los utilizaremos para las siguientes finalidades que son necesarias para el servicio que solicita:\u2022 Respuesta a mensajes del formulario de contacto\u2022 Prestaci\u00f3n de [&hellip;]<\/p>\n","protected":false},"author":1,"featured_media":0,"parent":0,"menu_order":0,"comment_status":"closed","ping_status":"closed","template":"","meta":{"footnotes":""},"class_list":["post-711","page","type-page","status-publish","hentry"],"blocksy_meta":[],"_links":{"self":[{"href":"https:\/\/byelyos.com\/index.php?rest_route=\/wp\/v2\/pages\/711","targetHints":{"allow":["GET"]}}],"collection":[{"href":"https:\/\/byelyos.com\/index.php?rest_route=\/wp\/v2\/pages"}],"about":[{"href":"https:\/\/byelyos.com\/index.php?rest_route=\/wp\/v2\/types\/page"}],"author":[{"embeddable":true,"href":"https:\/\/byelyos.com\/index.php?rest_route=\/wp\/v2\/users\/1"}],"replies":[{"embeddable":true,"href":"https:\/\/byelyos.com\/index.php?rest_route=%2Fwp%2Fv2%2Fcomments&post=711"}],"version-history":[{"count":1,"href":"https:\/\/byelyos.com\/index.php?rest_route=\/wp\/v2\/pages\/711\/revisions"}],"predecessor-version":[{"id":712,"href":"https:\/\/byelyos.com\/index.php?rest_route=\/wp\/v2\/pages\/711\/revisions\/712"}],"wp:attachment":[{"href":"https:\/\/byelyos.com\/index.php?rest_route=%2Fwp%2Fv2%2Fmedia&parent=711"}],"curies":[{"name":"wp","href":"https:\/\/api.w.org\/{rel}","templated":true}]}}